{"id":1365,"date":"2025-12-22T12:49:48","date_gmt":"2025-12-22T12:49:48","guid":{"rendered":"https:\/\/fundamentalrights.it\/?page_id=1365"},"modified":"2025-12-22T12:53:36","modified_gmt":"2025-12-22T12:53:36","slug":"1365-2","status":"publish","type":"page","link":"https:\/\/fundamentalrights.it\/?page_id=1365","title":{"rendered":""},"content":{"rendered":"\n<p><strong>Articoli<\/strong><\/p>\n\n\n\n<p>1. <a href=\"https:\/\/fundamentalrights.it\/wp-content\/uploads\/2025\/12\/FR-2-2025-Cassi.pdf\"><strong>Aldo Andrea Cassi<\/strong>,<em>&#8220;<\/em>Bellum iustum&#8221;. &#8220;Ius ad bellum&#8221;. &#8220;Ius in bello&#8221;. <em>Une &#8220;grammaire&#8221; du droit international dans la <\/em>scientia iuris<em> de l&#8217;\u00e8re moderne<\/em><\/a><\/p>\n\n\n\n<ol class=\"wp-block-list\"><\/ol>\n\n\n\n<p class=\"has-regular-font-size\">2. <strong><a href=\"https:\/\/fundamentalrights.it\/wp-content\/uploads\/2025\/12\/FR-2-2025-De-Rosa.pdf\">Francesca De Rosa,&nbsp;<\/a><\/strong><em><a href=\"https:\/\/fundamentalrights.it\/wp-content\/uploads\/2025\/12\/FR-2-2025-De-Rosa.pdf\">Il Corpo come spazio normativo: la legge e l\u2019educazione fisica nella Scienza della Legislazione di Gaetano Filangieri<\/a><\/em><\/p>\n\n\n\n<p class=\"has-regular-font-size\">3. <strong><a href=\"https:\/\/fundamentalrights.it\/wp-content\/uploads\/2025\/12\/0FR-2-2025-Errico.pdf\">Malena Errico,&nbsp;<\/a><\/strong><em><a href=\"https:\/\/fundamentalrights.it\/wp-content\/uploads\/2025\/12\/0FR-2-2025-Errico.pdf\">De \u201ccriaturas\u201d a \u201ccreadores\u201d: Dogmatismo tecnol\u00f3gico, la narrativa redentora de la IA (inteligencia artificial) y los qubits (quantum bit) hacia la perfecci\u00f3n humana. Pecado original digital: Ad\u00e1n, Eva y la tentaci\u00f3n de la serpiente de silicio. \u00bfPuede la IA pensar por nosotros sin caer en la idolatr\u00eda digital? Dudar no para detener sino para dirigir el progreso.<\/a><\/em><\/p>\n\n\n\n<p class=\"has-regular-font-size\">4. <a href=\"https:\/\/fundamentalrights.it\/wp-content\/uploads\/2025\/12\/FR-2-2025-Latini.pdf\"><strong>Carlotta Latini,<\/strong> <em>Constitutional review in Italy and the democratization process. Some reflections on the liberal state, dictatorship, and the birth of the Republic<\/em><\/a><\/p>\n\n\n\n<p><strong>Letture<\/strong><\/p>\n\n\n\n<p>1. <a href=\"https:\/\/fundamentalrights.it\/wp-content\/uploads\/2025\/12\/FR-2.2025-Castelli.pdf\"><strong>Marco Castelli,<\/strong> <em>Melodie Harris Eichbauer, Law in a Culture of Theology. The Use of Canon Law by Parisian Theologians, ca. 1120\u2013 ca. 1220, Routledge, London-New York, 2025.<\/em><\/a><\/p>\n\n\n\n<ol class=\"wp-block-list\"><\/ol>\n\n\n\n<p><\/p>\n\n\n\n<p><\/p>\n","protected":false},"excerpt":{"rendered":"<p>Articoli 1. Aldo Andrea Cassi,&#8220;Bellum iustum&#8221;. &#8220;Ius ad bellum&#8221;. &#8220;Ius in bello&#8221;. Une &#8220;grammaire&#8221; du droit international dans la scientia iuris de l&#8217;\u00e8re moderne 2. &#8230;<\/p>\n","protected":false},"author":1,"featured_media":1366,"parent":0,"menu_order":0,"comment_status":"closed","ping_status":"closed","template":"","meta":{"footnotes":""},"class_list":["post-1365","page","type-page","status-publish","has-post-thumbnail","hentry"],"_links":{"self":[{"href":"https:\/\/fundamentalrights.it\/index.php?rest_route=\/wp\/v2\/pages\/1365","targetHints":{"allow":["GET"]}}],"collection":[{"href":"https:\/\/fundamentalrights.it\/index.php?rest_route=\/wp\/v2\/pages"}],"about":[{"href":"https:\/\/fundamentalrights.it\/index.php?rest_route=\/wp\/v2\/types\/page"}],"author":[{"embeddable":true,"href":"https:\/\/fundamentalrights.it\/index.php?rest_route=\/wp\/v2\/users\/1"}],"replies":[{"embeddable":true,"href":"https:\/\/fundamentalrights.it\/index.php?rest_route=%2Fwp%2Fv2%2Fcomments&post=1365"}],"version-history":[{"count":9,"href":"https:\/\/fundamentalrights.it\/index.php?rest_route=\/wp\/v2\/pages\/1365\/revisions"}],"predecessor-version":[{"id":1381,"href":"https:\/\/fundamentalrights.it\/index.php?rest_route=\/wp\/v2\/pages\/1365\/revisions\/1381"}],"wp:featuredmedia":[{"embeddable":true,"href":"https:\/\/fundamentalrights.it\/index.php?rest_route=\/wp\/v2\/media\/1366"}],"wp:attachment":[{"href":"https:\/\/fundamentalrights.it\/index.php?rest_route=%2Fwp%2Fv2%2Fmedia&parent=1365"}],"curies":[{"name":"wp","href":"https:\/\/api.w.org\/{rel}","templated":true}]}}