{"id":182,"date":"2021-03-21T11:41:48","date_gmt":"2021-03-21T11:41:48","guid":{"rendered":"https:\/\/fundamentalrights.it\/?page_id=182"},"modified":"2025-11-03T17:54:39","modified_gmt":"2025-11-03T17:54:39","slug":"policies-2","status":"publish","type":"page","link":"https:\/\/fundamentalrights.it\/?page_id=182","title":{"rendered":""},"content":{"rendered":"\n<p><strong>Policy Open Access<\/strong><\/p>\n\n\n\n<p>La rivista \u201cFundamental Rights\u201d adotta una <em>open access policy<\/em>, e pertanto essa \u2013 ed i contributi ivi contenuti \u2013 saranno accessibili gratuitamente dal sito internet della rivista, con possibilit\u00e0 di download dei diversi articoli di volta in volta pubblicati. Gli autori, di conseguenza, rinunciano a qualsiasi pretesa economica o diritto editoriale, fornendo quindi conseguente liberatoria, e garantendo la veridicit\u00e0 dei dati presentati nell\u2019elaborato e l\u2019obiettivit\u00e0 dei contenuti in esso contenuti, riportando dati e riferimenti in maniera esatta. In particolare l\u2019autore deve indicare in maniera chiara e precisa le fonti e i riferimenti bibliografici menzionati nel proprio contributo. In caso di pubblicazione di immagini, tabelle, grafici o altri contributi gi\u00e0 pubblicati, \u00e8 obbligo dell\u2019autore ottenere preliminarmente l\u2019autorizzazione al loro utilizzo. Eventuali dichiarazioni fraudolente o volontariamente omissive o inesatte costituiscono un comportamento contrario al codice etico della rivista e, di conseguenza, inaccettabile.<\/p>\n\n\n\n<p><strong>Procedura di pubblicazione<\/strong><\/p>\n\n\n\n<p>Con l\u2019invio della propria proposta di pubblicazione l\u2019autore accetta la procedura di valutazione adottata dalla rivista che di norma consiste nel \u201cdouble blind peer review\u201d. La procedura di valutazione \u00e8 vincolata alle leggi vigenti in materia di diffamazione, violazione del copyright e plagio, nonch\u00e9 alle norme editoriali, di policy e di privacy dell\u2019Editore della Rivista che si intendono qui per richiamate, ripetute e trascritte. Gli autori, con l\u2019invio della proposta di pubblicazione, dichiarano implicitamente di aver letto, compreso e approvato sia tali norme che le linee editoriali della rivista.<\/p>\n\n\n\n<p><strong>Paternit\u00e0 dell\u2019opera e originalit\u00e0<\/strong><\/p>\n\n\n\n<p>Sia l\u2019autore che i coautori dell\u2019opera vanno correttamente indicati. Si ritengono coautori in particolare tutti coloro che abbiano dato un contributo concreto e rilevante ai fini dell\u2019ideazione e del completamento della ricerca \u2013 o di alcune sue fasi \u2013 alla base del contributo. In caso di contributi scritti da pi\u00f9 autori, l\u2019autore che trasmette la proposta di pubblicazione deve obbligatoriamente indicare in maniera precisa il nome di tutti i coautori, nonch\u00e9 ottenere dagli stessi l\u2019approvazione della versione finale del contributo ed il loro consenso alla pubblicazione.<\/p>\n\n\n\n<p>I contributi sottoposti alla rivista \u201cFundamental Rights\u201d devono essere inediti e rispettare il requisito dell\u2019originalit\u00e0. Gli autori, pertanto, devono garantire che il loro contributo sia originale ed inedito, impegnandosi altres\u00ec a non proporre a pi\u00f9 di una rivista contemporaneamente lo stesso contributo.<\/p>\n\n\n\n<p><strong>Conflitto di interessi<\/strong><\/p>\n\n\n\n<p>Gli autori devono indicare tutte le fonti di sostegno finanziario alla base del progetto di ricerca su cui si basa il loro contributo nonch\u00e9 gli eventuali conflitti finanziari o in generale di interessi che potrebbero influenzare gli esiti o le letture attribuibili al proprio contributo.<\/p>\n\n\n\n<p><strong>Refusi<\/strong><\/p>\n\n\n\n<p>Nel caso in cui un autore dovesse scoprire errori o inesattezze particolarmente rilevanti all\u2019interno del proprio contributo pubblicato \u00e8 obbligato a comunicarlo tempestivamente alla direzione cos\u00ec da coordinare la procedura per il ritiro e la correzione del testo.<\/p>\n\n\n\n<p><strong>Informativa sul trattamento dei dati personali<\/strong><\/p>\n\n\n\n<p>Ai sensi del Reg. (CE) 27\/04\/2016, n. 2016\/679\/UE \u201cRegolamento del Parlamento Europeo relativo alla protezione delle persone fisiche con riguardo al trattamento dei dati personali, nonch\u00e9 alla libera circolazione di tali dati\u201d e in particolare degli artt. 13 e 32, si dichiara che la Rivista raccoglie i dati personali degli Autori per le sole finalit\u00e0 della pubblicazione degli articoli e saggi; non divulga a soggetti terzi i dati cos\u00ec raccolti n\u00e9 effettua attivit\u00e0 c.d. di \u201cprofilazione\u201d dei dati. I dati raccolti consistono esclusivamente nella denominazione e nel recapito di posta elettronica fornito con l\u2019inizio della collaborazione per la pubblicazione dell\u2019articolo; titolare e responsabile del trattamento dei dati \u00e8 la Propriet\u00e0 della Rivista e, per essa, il Comitato di Direzione pro tempore (la cui composizione \u00e8 indicata sul sito <a href=\"http:\/\/www.fundamentalrights.it\">www.fundamentalrights.it<\/a>); i diritti del titolare dei dati raccolti dalla Rivista sono esercitabili contattando la medesima a mezzo posta elettronica, all\u2019indirizzo direzione@fundamentalrights.it e agli altri presenti sul Sito internet <a href=\"http:\/\/www.fundamentalrights.it\">www.fundamentalrights.it<\/a>; la Rivista non \u00e8 obbligata per legge a conservare i dati raccolti e, dietro richiesta dell\u2019interessato, provveder\u00e0 a rettificarli, modificarli e cancellarli; la cancellazione dei dati comporter\u00e0 l\u2019impossibilit\u00e0 di continuare a ricevere le informazioni sulle attivit\u00e0 e le pubblicazioni della Rivista; i dati saranno conservati a tempo indeterminato, fino alla cessazione delle attivit\u00e0 della Rivista, salvo la domanda di cancellazione proposta dall\u2019interessato; il titolare dei dati ha diritto di proporre reclamo all\u2019autorit\u00e0 nazionale di controllo che, per la Repubblica Italiana, \u00e8 il Garante per la protezione dei dati personali (il sito internet dell\u2019autorit\u00e0 \u00e8 https:\/\/www.garanteprivacy.it);per ogni ulteriore necessit\u00e0 o chiarimento in merito alla presente informativa e\/o al trattamento dei dati personali e al conseguente esercizio dei diritti connessi, \u00e8 possibile rivolgersi all\u2019indirizzo di posta elettronica <a href=\"mailto:direzione@fundamentalrights.it\">direzione@fundamentalrights.it<\/a>.<\/p>\n\n\n\n<p><\/p>\n","protected":false},"excerpt":{"rendered":"<p>Policy Open Access La rivista \u201cFundamental Rights\u201d adotta una open access policy, e pertanto essa \u2013 ed i contributi ivi contenuti \u2013 saranno accessibili gratuitamente &#8230;<\/p>\n","protected":false},"author":1,"featured_media":191,"parent":0,"menu_order":0,"comment_status":"closed","ping_status":"closed","template":"","meta":{"footnotes":""},"class_list":["post-182","page","type-page","status-publish","has-post-thumbnail","hentry"],"_links":{"self":[{"href":"https:\/\/fundamentalrights.it\/index.php?rest_route=\/wp\/v2\/pages\/182","targetHints":{"allow":["GET"]}}],"collection":[{"href":"https:\/\/fundamentalrights.it\/index.php?rest_route=\/wp\/v2\/pages"}],"about":[{"href":"https:\/\/fundamentalrights.it\/index.php?rest_route=\/wp\/v2\/types\/page"}],"author":[{"embeddable":true,"href":"https:\/\/fundamentalrights.it\/index.php?rest_route=\/wp\/v2\/users\/1"}],"replies":[{"embeddable":true,"href":"https:\/\/fundamentalrights.it\/index.php?rest_route=%2Fwp%2Fv2%2Fcomments&post=182"}],"version-history":[{"count":3,"href":"https:\/\/fundamentalrights.it\/index.php?rest_route=\/wp\/v2\/pages\/182\/revisions"}],"predecessor-version":[{"id":1351,"href":"https:\/\/fundamentalrights.it\/index.php?rest_route=\/wp\/v2\/pages\/182\/revisions\/1351"}],"wp:featuredmedia":[{"embeddable":true,"href":"https:\/\/fundamentalrights.it\/index.php?rest_route=\/wp\/v2\/media\/191"}],"wp:attachment":[{"href":"https:\/\/fundamentalrights.it\/index.php?rest_route=%2Fwp%2Fv2%2Fmedia&parent=182"}],"curies":[{"name":"wp","href":"https:\/\/api.w.org\/{rel}","templated":true}]}}