{"id":19,"date":"2020-11-14T16:00:55","date_gmt":"2020-11-14T16:00:55","guid":{"rendered":"http:\/\/fundamentalrights.it\/?page_id=19"},"modified":"2021-04-14T13:12:47","modified_gmt":"2021-04-14T13:12:47","slug":"chi-siamo","status":"publish","type":"page","link":"https:\/\/fundamentalrights.it\/?page_id=19","title":{"rendered":"Chi siamo"},"content":{"rendered":"\n<p><em>FundamentalRights.it<\/em> nasce da un\u2019idea di Carlotta Latini e di Aldo Andrea Cassi, o meglio dall\u2019incontro delle rispettive esperienze scientifiche e didattiche.<\/p>\n\n\n\n<p>Il ciclo di Dottorato di Ricerca con sede presso l\u2019Universit\u00e0 di Camerino dedicato ai <em>Fundamental Rights<\/em>, coordinato da Carlotta Latini \u00e8 stata un\u2019ottima palestra per gli studi e lo sviluppo delle ricerche sui diritti fondamentali. Il Dottorato di ricerca rappresenta infatti il luogo di elezione in cui si sperimentano nuove teorie e studi. &nbsp;<\/p>\n\n\n\n<p>L\u2019insegnamento di Antropologia Giuridica attivato all\u2019Universit\u00e0 degli Studi di Brescia nel 2015, fortemente voluto da Aldo Andrea Cassi, che ne \u00e8 tuttora il titolare, oltre a riscontrare il crescente vivace interesse dei futuri giuristi, si \u00e8 progressivamente configurato come un laboratorio di \u201csperimentazione epistemologica\u201d nell\u2019analisi degli approcci interculturali all\u2019idea di \u2018Giustizia\u2019 e all\u2019aspirazione di un \u2018Diritto\u2019 che ne sia attuazione storica.<\/p>\n\n\n\n<p>Queste due esperienze hanno trovato un incontro (talora divenuto \u2018scontro\u2019, peraltro rivelatosi assai fertile) su un terreno tanto minato quanto necessario da attraversare.<\/p>\n\n\n\n<p>Riteniamo infatti che nonostante (o, al contrario, proprio\u00a0perch\u00e8) molto si parli di\u00a0\u201cdiritti fondamentali\u201d(o &#8220;umani&#8221;, &#8220;inviolabili&#8221;, &#8220;non negoziabili&#8221;, &#8220;naturali&#8221; ecc.: la messa a fuoco semantica costituisce uno dei campi della sfida), sia necessaria una rigorosa riflessione<em>\u00a0in argumento<\/em>. Riflessione che la Rivista intende condurre intersecando ricerche, competenze, esperienze e metodologie non omologate (entro angusti e segmentati perimetri &#8220;scientifico-concorsuali&#8221; come l&#8217;attuale matrice burocratica dell&#8217;Universit\u00e0 italiana esige), ma al contrario connotate da interrelazioni epistemologiche foriere di aperture prospettiche.<\/p>\n\n\n\n<p>Ci siamo infatti affidati, sia a livello di Comitato Scientifico, sia a quello degli Autori invitati a contribuire, a storici, giuristi, psicologi, filosofi, medici legali, nella convinzione che la sfida di cui, come Direttori della Rivista, siamo vessilliferi (immeritatamente e temerariamente, ma con autentica convinzione etica e scientifica), richieda un armamentario culturale caratterizzato da un alto livello scientifico e da uno statuto epistemologico pluridimensionale.<\/p>\n\n\n\n<p>L\u2019idea della rivista \u00e8 maturata nel corso della prima diffusione dell\u2019epidemia da Covid-19: durante l\u2019esperienza di \u201cgrande segregazione\u201d che la nostra generazione ha subito, mentre dilagava il virus, ha avuto un senso interrogarsi sul corso, e anche sul nuovo corso, che i diritti fondamentali hanno avuto, nella consapevolezza che la discussione sui tali diritti tocca nervi scoperti, tematiche complesse e spesso spigolose (tra le quali, a titolo di esempio, il ruolo delle costituzioni, la latitudine delle libert\u00e0 fondamentali e dei diritti individuali a fronte di una imprescindibile tutela di un \u201cbene comune\u201d) da trattare nella relazione complessa, irrisolta, tra autorit\u00e0 e libert\u00e0.<\/p>\n\n\n\n<p>Alla naturale, <em>ratione materiae<\/em>, vocazione giuridica della Rivista si accompagnano quindi vocazioni (e talora pro-vocazioni) afferenti ad altri \u00e0mbiti del sapere e della ricerca, <em>diversi sed non adversi<\/em>.<\/p>\n\n\n\n<p>&#8230;&#8230;&#8230;.<\/p>\n","protected":false},"excerpt":{"rendered":"<p>FundamentalRights.it nasce da un\u2019idea di Carlotta Latini e di Aldo Andrea Cassi, o meglio dall\u2019incontro delle rispettive esperienze scientifiche e didattiche. Il ciclo di Dottorato &#8230;<\/p>\n","protected":false},"author":1,"featured_media":432,"parent":0,"menu_order":0,"comment_status":"closed","ping_status":"closed","template":"","meta":{"footnotes":""},"class_list":["post-19","page","type-page","status-publish","has-post-thumbnail","hentry"],"_links":{"self":[{"href":"https:\/\/fundamentalrights.it\/index.php?rest_route=\/wp\/v2\/pages\/19","targetHints":{"allow":["GET"]}}],"collection":[{"href":"https:\/\/fundamentalrights.it\/index.php?rest_route=\/wp\/v2\/pages"}],"about":[{"href":"https:\/\/fundamentalrights.it\/index.php?rest_route=\/wp\/v2\/types\/page"}],"author":[{"embeddable":true,"href":"https:\/\/fundamentalrights.it\/index.php?rest_route=\/wp\/v2\/users\/1"}],"replies":[{"embeddable":true,"href":"https:\/\/fundamentalrights.it\/index.php?rest_route=%2Fwp%2Fv2%2Fcomments&post=19"}],"version-history":[{"count":2,"href":"https:\/\/fundamentalrights.it\/index.php?rest_route=\/wp\/v2\/pages\/19\/revisions"}],"predecessor-version":[{"id":444,"href":"https:\/\/fundamentalrights.it\/index.php?rest_route=\/wp\/v2\/pages\/19\/revisions\/444"}],"wp:featuredmedia":[{"embeddable":true,"href":"https:\/\/fundamentalrights.it\/index.php?rest_route=\/wp\/v2\/media\/432"}],"wp:attachment":[{"href":"https:\/\/fundamentalrights.it\/index.php?rest_route=%2Fwp%2Fv2%2Fmedia&parent=19"}],"curies":[{"name":"wp","href":"https:\/\/api.w.org\/{rel}","templated":true}]}}