{"id":30,"date":"2020-11-14T16:00:55","date_gmt":"2020-11-14T16:00:55","guid":{"rendered":"http:\/\/fundamentalrights.it\/?page_id=30"},"modified":"2021-03-21T16:24:26","modified_gmt":"2021-03-21T16:24:26","slug":"come-pubblicare","status":"publish","type":"page","link":"https:\/\/fundamentalrights.it\/?page_id=30","title":{"rendered":"Come pubblicare"},"content":{"rendered":"\n<p>Le domande contenenti richieste di pubblicazione dovranno essere inviate all\u2019indirizzo <a href=\"mailto:direzione@fundamentalrghts.it\">direzione@fundamentalrights.it<\/a> indicando i propri dati anagrafici (nome, cognome, indirizzo, contatto telefonico ed email, posizione accademica ricoperta) e la dichiarazione da parte del soggetto proponente sia di essere autore dell\u2019opera e che la stessa sia originale, sia di accettazione delle <a href=\"https:\/\/fundamentalrights.it\/?page_id=30\">procedure di pubblicazione<\/a> e del <a href=\"https:\/\/fundamentalrights.it\/?page_id=159\">codice etico<\/a> adottato dalla rivista. Alla mail andr\u00e0 allegata l\u2019opera oggetto di richiesta di pubblicazione, che dovr\u00e0 essere conforme ai criteri redazionali della rivista (<a href=\"https:\/\/fundamentalrights.it\/?page_id=171\">link ai criteri<\/a>).<\/p>\n\n\n\n<p>La domanda di pubblicazione sar\u00e0 esaminata preliminarmente dal Comitato di Direzione che, entro 30 giorni dalla ricezione della richiesta, valuter\u00e0 la scientificit\u00e0 del contributo nonch\u00e9 la sua congruenza con la linea editoriale della rivista. Il risultato di tale valutazione verr\u00e0 trasmesso al soggetto proponente con comunicazione a mezzo posta elettronica.<\/p>\n\n\n\n<p>Se il Comitato di Direzione dovesse valutare positivamente la domanda di pubblicazione, essa provveder\u00e0 ad avviare la procedura di referaggio a doppio cieco, affidando il contributo a due referees anonimi ed esperti della materia trattata, e che siano altres\u00ec esterni al Comitato di Direzione, al Comitato scientifico e alla Redazione. La procedura intende quindi garantire l\u2019assoluta trasparenza e correttezza della valutazione dei contributi, assicurando l\u2019assoluta autonomia dei revisori e l\u2019assenza di conflitti d\u2019interesse.<\/p>\n\n\n\n<p>Se, all\u2019esito della procedura di referaggio, dovessero giungere due giudizi negativi, la domanda di pubblicazione dovr\u00e0 essere rigettata; in caso di un giudizio positivo e un giudizio negativo, il Comitato di Direzione decider\u00e0 se il contributo sar\u00e0 pubblicabile o meno. Se i giudizi dovessero essere condizionati a modifiche o integrazioni del contributo, il proponente dovr\u00e0 procedere tempestivamente agli interventi indicati, la cui congruit\u00e0 sar\u00e0 poi valutata dalla Direzione.<\/p>\n\n\n\n<p>L\u2019autore con la presentazione della richiesta di pubblicazione accetta i criteri redazionali della Rivista (<a href=\"https:\/\/fundamentalrights.it\/?page_id=171\">link ai criteri<\/a>), nonch\u00e9 le proprie <em>policies<\/em> (<a href=\"https:\/\/fundamentalrights.it\/?page_id=182\">link liberatorie<\/a>).<\/p>\n","protected":false},"excerpt":{"rendered":"<p>Le domande contenenti richieste di pubblicazione dovranno essere inviate all\u2019indirizzo direzione@fundamentalrights.it indicando i propri dati anagrafici (nome, cognome, indirizzo, contatto telefonico ed email, posizione accademica &#8230;<\/p>\n","protected":false},"author":1,"featured_media":131,"parent":0,"menu_order":0,"comment_status":"closed","ping_status":"closed","template":"","meta":{"footnotes":""},"class_list":["post-30","page","type-page","status-publish","has-post-thumbnail","hentry"],"_links":{"self":[{"href":"https:\/\/fundamentalrights.it\/index.php?rest_route=\/wp\/v2\/pages\/30","targetHints":{"allow":["GET"]}}],"collection":[{"href":"https:\/\/fundamentalrights.it\/index.php?rest_route=\/wp\/v2\/pages"}],"about":[{"href":"https:\/\/fundamentalrights.it\/index.php?rest_route=\/wp\/v2\/types\/page"}],"author":[{"embeddable":true,"href":"https:\/\/fundamentalrights.it\/index.php?rest_route=\/wp\/v2\/users\/1"}],"replies":[{"embeddable":true,"href":"https:\/\/fundamentalrights.it\/index.php?rest_route=%2Fwp%2Fv2%2Fcomments&post=30"}],"version-history":[{"count":10,"href":"https:\/\/fundamentalrights.it\/index.php?rest_route=\/wp\/v2\/pages\/30\/revisions"}],"predecessor-version":[{"id":199,"href":"https:\/\/fundamentalrights.it\/index.php?rest_route=\/wp\/v2\/pages\/30\/revisions\/199"}],"wp:featuredmedia":[{"embeddable":true,"href":"https:\/\/fundamentalrights.it\/index.php?rest_route=\/wp\/v2\/media\/131"}],"wp:attachment":[{"href":"https:\/\/fundamentalrights.it\/index.php?rest_route=%2Fwp%2Fv2%2Fmedia&parent=30"}],"curies":[{"name":"wp","href":"https:\/\/api.w.org\/{rel}","templated":true}]}}